{"id":409,"date":"2020-09-10T06:53:58","date_gmt":"2020-09-10T06:53:58","guid":{"rendered":"http:\/\/ceicasaude.com.br\/?page_id=409"},"modified":"2023-01-09T12:44:26","modified_gmt":"2023-01-09T15:44:26","slug":"home","status":"publish","type":"page","link":"https:\/\/ceicasaude.com.br\/","title":{"rendered":"Home"},"content":{"rendered":"\n<div class=\"wp-block-uagb-container uagb-block-6541ac24 alignfull uagb-is-root-container\"><div class=\"uagb-container-inner-blocks-wrap\">\n<div class=\"wp-block-uagb-buttons uagb-buttons__outer-wrap uagb-btn__default-btn uagb-btn-tablet__default-btn uagb-btn-mobile__default-btn uagb-block-95521d82\"><div class=\"uagb-buttons__wrap uagb-buttons-layout-wrap\">\n<div class=\"wp-block-uagb-buttons-child uagb-buttons__outer-wrap uagb-block-7724499a wp-block-button is-style-outline\"><div class=\"uagb-button__wrapper\"><a class=\"uagb-buttons-repeater wp-block-button__link\" href=\"https:\/\/api.whatsapp.com\/send?1=pt_BR&amp;phone=5564999963693\" onclick=\"return true;\" rel=\"follow noopener\" target=\"_self\"><div class=\"uagb-button__link\">Whatsapp<\/div><\/a><\/div><\/div>\n\n\n\n<div class=\"wp-block-uagb-buttons-child uagb-buttons__outer-wrap uagb-block-b4c55792 wp-block-button is-style-outline\"><div class=\"uagb-button__wrapper\"><a class=\"uagb-buttons-repeater wp-block-button__link\" href=\"#\" onclick=\"return false;\" rel=\"follow noopener\" target=\"_self\"><div class=\"uagb-button__link\">Contatos<\/div><\/a><\/div><\/div>\n<\/div><\/div>\n\n\n\n<div class=\"wp-block-uagb-container uagb-block-da7d67a7\"><\/div>\n<\/div><\/div>\n\n\n\n<div id=\"about\" class=\"wp-block-uagb-container uagb-block-00cbea1b alignfull uagb-is-root-container\"><div class=\"uagb-container-inner-blocks-wrap\">\n\n<\/div><\/div>\n\n\n\n<div id=\"about\" class=\"wp-block-uagb-container uagb-block-ede0adfe alignfull uagb-is-root-container\"><div class=\"uagb-container-inner-blocks-wrap\">\n<div class=\"wp-block-uagb-container uagb-block-42d7ef80\">\n<div class=\"wp-block-uagb-image uagb-block-3edf4739 wp-block-uagb-image--layout-default wp-block-uagb-image--effect-static wp-block-uagb-image--align-none\"><figure class=\"wp-block-uagb-image__figure\"><img decoding=\"async\" srcset=\"https:\/\/ceicasaude.com.br\/wp-content\/uploads\/2023\/01\/ceica-saude-58616-uT0Z-1.jpg , https:\/\/ceicasaude.com.br\/wp-content\/uploads\/2023\/01\/ceica-saude-58616-uT0Z-1.jpg 360w\" src=\"https:\/\/ceicasaude.com.br\/wp-content\/uploads\/2023\/01\/ceica-saude-58616-uT0Z-1.jpg\" alt=\"\" class=\"uag-image-854\" width=\"\" height=\"\" title=\"\" loading=\"lazy\"\/><\/figure><\/div>\n<\/div>\n\n\n\n<div class=\"wp-block-uagb-container uagb-block-85be93b9\">\n<div class=\"wp-block-uagb-info-box uagb-block-12682a79 uagb-infobox__content-wrap  uagb-infobox-icon-above-title uagb-infobox-image-valign-top\"><div class=\"uagb-ifb-content\"><div class=\"uagb-ifb-title-wrap\"><h2 class=\"uagb-ifb-title\">EQUIPE ESPECIALIZADA DE PRIMEIRA LINHA<\/h2><\/div><div class=\"uagb-ifb-separator\"><\/div><p class=\"uagb-ifb-desc\">Nossa equipe re\u00fane especialistas, mestres e doutores formados.<br><br>S\u00e3o profissionais experientes, apaixonados por odontologia e fonoaudiologia e com s\u00f3lida forma\u00e7\u00e3o acad\u00eamica, preparados para oferecer o que h\u00e1 de mais moderno em tratamento preventivo, cl\u00ednico, cir\u00fargico e est\u00e9tico.<\/p><div class=\"uagb-ifb-button-wrapper wp-block-button\"><a href=\"#\" class=\"uagb-infobox-cta-link wp-block-button__link\" target=\"_self\" rel=\"noopener noreferrer\" alt=\"\"><span class=\"uagb-inline-editing\">Saiba Mais<\/span><\/a><\/div><\/div><\/div>\n<\/div>\n<\/div><\/div>\n\n\n\n<div class=\"wp-block-uagb-container uagb-block-1cb9c09e alignfull uagb-is-root-container\"><div class=\"uagb-container-inner-blocks-wrap\">\n<div class=\"wp-block-uagb-container uagb-block-9894db7b\">\n<div class=\"wp-block-uagb-container uagb-block-f8b4dc43\">\n<div class=\"wp-block-uagb-advanced-heading uagb-block-7646fbe0\"><h3 class=\"uagb-heading-text\">Agende j\u00e1 a sua Avalia\u00e7\u00e3o:<\/h3><p class=\"uagb-desc-text\">Estamos aqui para te oferecer o que h\u00e1 de melhor em tratamento odontol\u00f3gico e est\u00e9tico.<br>Venha fazer sua avalia\u00e7\u00e3o e conhecer todos os nossos servi\u00e7os.<\/p><\/div>\n<\/div>\n\n\n\n<div class=\"wp-block-uagb-container uagb-block-f3c81f94\">\n<div class=\"wp-block-uagb-buttons uagb-buttons__outer-wrap uagb-btn__default-btn uagb-btn-tablet__default-btn uagb-btn-mobile__default-btn uagb-block-03946a89\"><div class=\"uagb-buttons__wrap uagb-buttons-layout-wrap\">\n<div class=\"wp-block-uagb-buttons-child uagb-buttons__outer-wrap uagb-block-afd85afc wp-block-button is-style-outline\"><div class=\"uagb-button__wrapper\"><a class=\"uagb-buttons-repeater wp-block-button__link\" href=\"https:\/\/api.whatsapp.com\/send?1=pt_BR&amp;phone=5564999963693\" onclick=\"return true;\" rel=\"follow noopener\" target=\"_self\"><div class=\"uagb-button__link\">Whatsapp<\/div><\/a><\/div><\/div>\n<\/div><\/div>\n<\/div>\n<\/div>\n<\/div><\/div>\n\n\n\n<div id=\"procedures\" class=\"wp-block-uagb-container uagb-block-30387473 alignfull uagb-is-root-container\"><div class=\"uagb-container-inner-blocks-wrap\">\n<div class=\"wp-block-uagb-advanced-heading uagb-block-167cb55f\"><h3 class=\"uagb-heading-text\">Algumas Especialidades<\/h3><\/div>\n\n\n\n<div class=\"wp-block-uagb-container uagb-block-941fd404\">\n<div class=\"wp-block-uagb-container uagb-block-3dcc1b04\">\n<div class=\"wp-block-uagb-info-box uagb-block-5f32d652 uagb-infobox__content-wrap  uagb-infobox-icon-above-title uagb-infobox-image-valign-top\"><div class=\"uagb-ifb-content\"><div class=\"uagb-ifb-title-wrap\"><h4 class=\"uagb-ifb-title\">IMPLANTE DENT\u00c1RIO\u200b<\/h4><\/div><p class=\"uagb-ifb-desc\">O implante dent\u00e1rio \u00e9 realizado atrav\u00e9s de pinos rosque\u00e1veis de tit\u00e2nio, que s\u00e3o posicionados no interior dos ossos maxilares&#8230;.<\/p><div class=\"uagb-ifb-button-wrapper wp-block-button\"><a href=\"\" target=\"_self\" class=\"uagb-infobox-cta-link uagb-disable-link\" rel=\"noopener noreferrer\" alt=\"\"><span class=\"uagb-inline-editing\">Leia mais<\/span><svg xmlns=\"https:\/\/www.w3.org\/2000\/svg\" viewBox=\"0 0 512 512\"><path d=\"M504.3 273.6l-112.1 104c-6.992 6.484-17.18 8.218-25.94 4.406c-8.758-3.812-14.42-12.45-14.42-21.1L351.9 288H32C14.33 288 .0002 273.7 .0002 255.1S14.33 224 32 224h319.9l0-72c0-9.547 5.66-18.19 14.42-22c8.754-3.809 18.95-2.075 25.94 4.41l112.1 104C514.6 247.9 514.6 264.1 504.3 273.6z\"><\/path><\/svg><\/a><\/div><\/div><\/div>\n<\/div>\n\n\n\n<div class=\"wp-block-uagb-container uagb-block-286fd831\">\n<div class=\"wp-block-uagb-info-box uagb-block-305d8db4 uagb-infobox__content-wrap  uagb-infobox-icon-above-title uagb-infobox-image-valign-top\"><div class=\"uagb-ifb-content\"><div class=\"uagb-ifb-title-wrap\"><h4 class=\"uagb-ifb-title\">ODONTOLOGIA EST\u00c9TICA\u200b<\/h4><\/div><p class=\"uagb-ifb-desc\">A Odontologia Est\u00e9tica utiliza de alguns procedimentos odontol\u00f3gicos minimamente invasivos, aliados aos avan\u00e7os da ci\u00eancia e da tecnologia&#8230;.<\/p><div class=\"uagb-ifb-button-wrapper wp-block-button\"><a href=\"\" target=\"_self\" class=\"uagb-infobox-cta-link uagb-disable-link\" rel=\"noopener noreferrer\" alt=\"\"><span class=\"uagb-inline-editing\">Leia mais<\/span><svg xmlns=\"https:\/\/www.w3.org\/2000\/svg\" viewBox=\"0 0 512 512\"><path d=\"M504.3 273.6l-112.1 104c-6.992 6.484-17.18 8.218-25.94 4.406c-8.758-3.812-14.42-12.45-14.42-21.1L351.9 288H32C14.33 288 .0002 273.7 .0002 255.1S14.33 224 32 224h319.9l0-72c0-9.547 5.66-18.19 14.42-22c8.754-3.809 18.95-2.075 25.94 4.41l112.1 104C514.6 247.9 514.6 264.1 504.3 273.6z\"><\/path><\/svg><\/a><\/div><\/div><\/div>\n<\/div>\n\n\n\n<div class=\"wp-block-uagb-container uagb-block-f33da448\">\n<div class=\"wp-block-uagb-info-box uagb-block-02636621 uagb-infobox__content-wrap  uagb-infobox-icon-above-title uagb-infobox-image-valign-top\"><div class=\"uagb-ifb-content\"><div class=\"uagb-ifb-title-wrap\"><h4 class=\"uagb-ifb-title\">ENDODONTIA<\/h4><\/div><p class=\"uagb-ifb-desc\">Dentes que, em um passado n\u00e3o t\u00e3o distante, estariam condenados a extra\u00e7\u00e3o, hoje tem sua longevidade assegurada.<\/p><div class=\"uagb-ifb-button-wrapper wp-block-button\"><a href=\"\" target=\"_self\" class=\"uagb-infobox-cta-link uagb-disable-link\" rel=\"noopener noreferrer\" alt=\"\"><span class=\"uagb-inline-editing\">Leia mais<\/span><svg xmlns=\"https:\/\/www.w3.org\/2000\/svg\" viewBox=\"0 0 512 512\"><path d=\"M504.3 273.6l-112.1 104c-6.992 6.484-17.18 8.218-25.94 4.406c-8.758-3.812-14.42-12.45-14.42-21.1L351.9 288H32C14.33 288 .0002 273.7 .0002 255.1S14.33 224 32 224h319.9l0-72c0-9.547 5.66-18.19 14.42-22c8.754-3.809 18.95-2.075 25.94 4.41l112.1 104C514.6 247.9 514.6 264.1 504.3 273.6z\"><\/path><\/svg><\/a><\/div><\/div><\/div>\n<\/div>\n<\/div>\n\n\n\n<div class=\"wp-block-uagb-container uagb-block-48b15c8d\">\n<div class=\"wp-block-uagb-container uagb-block-49148834\">\n<div class=\"wp-block-uagb-info-box uagb-block-b72a252b uagb-infobox__content-wrap  uagb-infobox-icon-above-title uagb-infobox-image-valign-top\"><div class=\"uagb-ifb-content\"><div class=\"uagb-ifb-title-wrap\"><h4 class=\"uagb-ifb-title\">CLAREAMENTO DENTAL<\/h4><\/div><p class=\"uagb-ifb-desc\">O clareamento dental \u00e9 um tratamento est\u00e9tico cada vez mais utilizado nos consult\u00f3rios dent\u00e1rios devido aos excelentes resultados obtidos&#8230;.<\/p><div class=\"uagb-ifb-button-wrapper wp-block-button\"><a href=\"\" target=\"_self\" class=\"uagb-infobox-cta-link uagb-disable-link\" rel=\"noopener noreferrer\" alt=\"\"><span class=\"uagb-inline-editing\">Leia mais<\/span><svg xmlns=\"https:\/\/www.w3.org\/2000\/svg\" viewBox=\"0 0 512 512\"><path d=\"M504.3 273.6l-112.1 104c-6.992 6.484-17.18 8.218-25.94 4.406c-8.758-3.812-14.42-12.45-14.42-21.1L351.9 288H32C14.33 288 .0002 273.7 .0002 255.1S14.33 224 32 224h319.9l0-72c0-9.547 5.66-18.19 14.42-22c8.754-3.809 18.95-2.075 25.94 4.41l112.1 104C514.6 247.9 514.6 264.1 504.3 273.6z\"><\/path><\/svg><\/a><\/div><\/div><\/div>\n<\/div>\n\n\n\n<div class=\"wp-block-uagb-container uagb-block-91d46c50\">\n<div class=\"wp-block-uagb-info-box uagb-block-8829d41e uagb-infobox__content-wrap  uagb-infobox-icon-above-title uagb-infobox-image-valign-top\"><div class=\"uagb-ifb-content\"><div class=\"uagb-ifb-title-wrap\"><h4 class=\"uagb-ifb-title\">CL\u00cdNICA GERAL<\/h4><\/div><p class=\"uagb-ifb-desc\">Cl\u00ednico Geral tem o conhecimento amplo da odontologia e capaz de prestar atendimento para preven\u00e7\u00e3o e tratamentos simples relacionados \u00e0 dent\u00edstica&nbsp;<\/p><div class=\"uagb-ifb-button-wrapper wp-block-button\"><a href=\"\" target=\"_self\" class=\"uagb-infobox-cta-link uagb-disable-link\" rel=\"noopener noreferrer\" alt=\"\"><span class=\"uagb-inline-editing\">Leia mais<\/span><svg xmlns=\"https:\/\/www.w3.org\/2000\/svg\" viewBox=\"0 0 512 512\"><path d=\"M504.3 273.6l-112.1 104c-6.992 6.484-17.18 8.218-25.94 4.406c-8.758-3.812-14.42-12.45-14.42-21.1L351.9 288H32C14.33 288 .0002 273.7 .0002 255.1S14.33 224 32 224h319.9l0-72c0-9.547 5.66-18.19 14.42-22c8.754-3.809 18.95-2.075 25.94 4.41l112.1 104C514.6 247.9 514.6 264.1 504.3 273.6z\"><\/path><\/svg><\/a><\/div><\/div><\/div>\n<\/div>\n\n\n\n<div class=\"wp-block-uagb-container uagb-block-283509fe\">\n<div class=\"wp-block-uagb-info-box uagb-block-4f3f313b uagb-infobox__content-wrap  uagb-infobox-icon-above-title uagb-infobox-image-valign-top\"><div class=\"uagb-ifb-content\"><div class=\"uagb-ifb-title-wrap\"><h4 class=\"uagb-ifb-title\">ORTODONTIA\u200b<\/h4><\/div><p class=\"uagb-ifb-desc\">A ortodontia \u00e9 a especialidade que previne e corrige o mau posicionamento dos dentes nas arcadas dent\u00e1rias e a inter-rela\u00e7\u00e3o dos ossos maxilares. &#8230;<\/p><div class=\"uagb-ifb-button-wrapper wp-block-button\"><a href=\"\" target=\"_self\" class=\"uagb-infobox-cta-link uagb-disable-link\" rel=\"noopener noreferrer\" alt=\"\"><span class=\"uagb-inline-editing\">Leia mais<\/span><svg xmlns=\"https:\/\/www.w3.org\/2000\/svg\" viewBox=\"0 0 512 512\"><path d=\"M504.3 273.6l-112.1 104c-6.992 6.484-17.18 8.218-25.94 4.406c-8.758-3.812-14.42-12.45-14.42-21.1L351.9 288H32C14.33 288 .0002 273.7 .0002 255.1S14.33 224 32 224h319.9l0-72c0-9.547 5.66-18.19 14.42-22c8.754-3.809 18.95-2.075 25.94 4.41l112.1 104C514.6 247.9 514.6 264.1 504.3 273.6z\"><\/path><\/svg><\/a><\/div><\/div><\/div>\n<\/div>\n<\/div>\n<\/div><\/div>\n\n\n\n<div id=\"reviews\" class=\"wp-block-uagb-container uagb-block-d668f245 alignfull uagb-is-root-container\"><div class=\"uagb-container-inner-blocks-wrap\">\n<div class=\"wp-block-uagb-advanced-heading uagb-block-caa8ae8f\"><h5 class=\"uagb-heading-text\"><br><\/h5><\/div>\n<\/div><\/div>\n\n\n\n<div id=\"contact\" class=\"wp-block-uagb-container uagb-block-eb29184d alignfull uagb-is-root-container\"><div class=\"uagb-container-inner-blocks-wrap\">\t\t\t<div \n\t\t\tclass=\"wp-block-uagb-google-map uagb-google-map__wrap uagb-block-954fb08c     \"\n\t\t\tstyle=\"\" >\n\t\t\t\t<embed\n\t\t\t\t\tclass=\"uagb-google-map__iframe\"\n\t\t\t\t\ttitle=\"Google Map for \"\n\t\t\t\t\tsrc=\"https:\/\/maps.google.com\/maps?q=R.%20Nilo%20Margon%2C%20200%20-%20Centro%2C%20Catal%C3%A3o%20-%20GO%2C%2075701-150&#038;z=18&#038;hl=en&#038;t=m&#038;output=embed&#038;iwloc=near\"\n\t\t\t\t\twidth=\"640\"\n\t\t\t\t\theight=\"321\"\n\t\t\t\t\tloading=\"lazy\"\n\t\t\t\t><\/embed>\n\t\t\t<\/div>\n\t\t\t<\/div><\/div>\n","protected":false},"excerpt":{"rendered":"<p>Agende j\u00e1 a sua Avalia\u00e7\u00e3o: Estamos aqui para te oferecer o que h\u00e1 de melhor em tratamento odontol\u00f3gico e est\u00e9tico.Venha fazer sua avalia\u00e7\u00e3o e conhecer todos os nossos servi\u00e7os. Algumas Especialidades<\/p>\n","protected":false},"author":1,"featured_media":0,"parent":0,"menu_order":0,"comment_status":"closed","ping_status":"closed","template":"","meta":{"_uag_custom_page_level_css":"","site-sidebar-layout":"no-sidebar","site-content-layout":"plain-container","ast-global-header-display":"","ast-main-header-display":"","ast-hfb-above-header-display":"","ast-hfb-below-header-display":"","ast-hfb-mobile-header-display":"","site-post-title":"disabled","ast-breadcrumbs-content":"","ast-featured-img":"disabled","footer-sml-layout":"","theme-transparent-header-meta":"default","adv-header-id-meta":"","stick-header-meta":"","header-above-stick-meta":"","header-main-stick-meta":"","header-below-stick-meta":"","footnotes":""},"class_list":["post-409","page","type-page","status-publish","hentry"],"uagb_featured_image_src":{"full":false,"thumbnail":false,"medium":false,"medium_large":false,"large":false,"1536x1536":false,"2048x2048":false},"uagb_author_info":{"display_name":"ceicasaudeadm","author_link":"https:\/\/ceicasaude.com.br\/?author=1"},"uagb_comment_info":0,"uagb_excerpt":"Agende j\u00e1 a sua Avalia\u00e7\u00e3o: Estamos aqui para te oferecer o que h\u00e1 de melhor em tratamento odontol\u00f3gico e est\u00e9tico.Venha fazer sua avalia\u00e7\u00e3o e conhecer todos os nossos servi\u00e7os. Algumas Especialidades","_links":{"self":[{"href":"https:\/\/ceicasaude.com.br\/index.php?rest_route=\/wp\/v2\/pages\/409","targetHints":{"allow":["GET"]}}],"collection":[{"href":"https:\/\/ceicasaude.com.br\/index.php?rest_route=\/wp\/v2\/pages"}],"about":[{"href":"https:\/\/ceicasaude.com.br\/index.php?rest_route=\/wp\/v2\/types\/page"}],"author":[{"embeddable":true,"href":"https:\/\/ceicasaude.com.br\/index.php?rest_route=\/wp\/v2\/users\/1"}],"replies":[{"embeddable":true,"href":"https:\/\/ceicasaude.com.br\/index.php?rest_route=%2Fwp%2Fv2%2Fcomments&post=409"}],"version-history":[{"count":98,"href":"https:\/\/ceicasaude.com.br\/index.php?rest_route=\/wp\/v2\/pages\/409\/revisions"}],"predecessor-version":[{"id":975,"href":"https:\/\/ceicasaude.com.br\/index.php?rest_route=\/wp\/v2\/pages\/409\/revisions\/975"}],"wp:attachment":[{"href":"https:\/\/ceicasaude.com.br\/index.php?rest_route=%2Fwp%2Fv2%2Fmedia&parent=409"}],"curies":[{"name":"wp","href":"https:\/\/api.w.org\/{rel}","templated":true}]}}